{"id":887,"date":"2019-05-04T13:04:29","date_gmt":"2019-05-04T13:04:29","guid":{"rendered":"http:\/\/commonsupport.net\/newwp\/intenax\/?page_id=595"},"modified":"2021-05-26T12:11:13","modified_gmt":"2021-05-26T10:11:13","slug":"contact-us","status":"publish","type":"page","link":"https:\/\/dream-lighting.fr\/index.php\/contact-us\/","title":{"rendered":"Nous contacter"},"content":{"rendered":"<p><section class=\"kc-elm kc-css-175735 kc_row\"><div class=\"kc-row-container\"><div class=\"kc-wrap-columns\"><div class=\"kc-elm kc-css-692285 kc_col-sm-12 kc_column kc_col-sm-12\"><div class=\"kc-col-container\"><!-- Team Section -->\n<section class=\"contact-form-section\">\n    <div class=\"pattern-layer\" style=\"background-image:url(https:\/\/dream-lighting.fr\/wp-content\/uploads\/2019\/05\/pattern-19.png)\"><\/div>\n    <div class=\"auto-container\">\n        <!-- Title Box -->\n        <div class=\"sec-title centered\">\n            <div class=\"inner-title\">\n                <div class=\"big-title\">DREAM LIGHTING<\/div>\n                <div class=\"title\">Contactez-nous<\/div>\n                <h2>Parlons de votre projet<\/h2>\n            <\/div>\n            <div class=\"text\"><\/div>\n        <\/div>\n        \n        <!-- Contact Form -->\n        <div class=\"contact-form\">\n            <!--Contact Form-->\n            <div id=\"contact-form\">\n            \t<div role=\"form\" class=\"wpcf7\" id=\"wpcf7-f946-o1\" lang=\"en-US\" dir=\"ltr\">\n<div class=\"screen-reader-response\"><p role=\"status\" aria-live=\"polite\" aria-atomic=\"true\"><\/p> <ul><\/ul><\/div>\n<form action=\"\/index.php\/wp-json\/wp\/v2\/pages\/887#wpcf7-f946-o1\" method=\"post\" class=\"wpcf7-form init\" novalidate=\"novalidate\" data-status=\"init\">\n<div style=\"display: none;\">\n<input type=\"hidden\" name=\"_wpcf7\" value=\"946\" \/>\n<input type=\"hidden\" name=\"_wpcf7_version\" value=\"5.4.1\" \/>\n<input type=\"hidden\" name=\"_wpcf7_locale\" value=\"en_US\" \/>\n<input type=\"hidden\" name=\"_wpcf7_unit_tag\" value=\"wpcf7-f946-o1\" \/>\n<input type=\"hidden\" name=\"_wpcf7_container_post\" value=\"0\" \/>\n<input type=\"hidden\" name=\"_wpcf7_posted_data_hash\" value=\"\" \/>\n<input type=\"hidden\" name=\"_wpcf7_recaptcha_response\" value=\"\" \/>\n<\/div>\n<div class=\"row clearfix\">\n<div class=\"form-group col-lg-6 col-md-6 col-sm-12\"><span class=\"wpcf7-form-control-wrap your-name\"><input type=\"text\" name=\"your-name\" value=\"\" size=\"40\" class=\"wpcf7-form-control wpcf7-text wpcf7-validates-as-required\" aria-required=\"true\" aria-invalid=\"false\" placeholder=\"Nom\" \/><\/span><\/div>\n<div class=\"form-group col-lg-6 col-md-6 col-sm-12\"><span class=\"wpcf7-form-control-wrap your-email\"><input type=\"email\" name=\"your-email\" value=\"\" size=\"40\" class=\"wpcf7-form-control wpcf7-text wpcf7-email wpcf7-validates-as-required wpcf7-validates-as-email\" aria-required=\"true\" aria-invalid=\"false\" placeholder=\"Email\" \/><\/span><\/div>\n<div class=\"form-group col-lg-6 col-md-6 col-sm-12\"><span class=\"wpcf7-form-control-wrap your-services\"><input type=\"text\" name=\"your-services\" value=\"\" size=\"40\" class=\"wpcf7-form-control wpcf7-text\" aria-invalid=\"false\" placeholder=\"Par quel service \u00eates-vous int\u00e9r\u00e9ss\u00e9\" \/><\/span><\/div>\n<div class=\"form-group col-lg-6 col-md-6 col-sm-12\"><span class=\"wpcf7-form-control-wrap your-phone\"><input type=\"text\" name=\"your-phone\" value=\"\" size=\"40\" class=\"wpcf7-form-control wpcf7-text\" aria-invalid=\"false\" placeholder=\"T\u00e9l\u00e9phone\" \/><\/span><\/div>\n<div class=\"form-group col-lg-12 col-md-12 col-sm-12\"><span class=\"wpcf7-form-control-wrap your-message\"><textarea name=\"your-message\" cols=\"40\" rows=\"10\" class=\"wpcf7-form-control wpcf7-textarea\" aria-invalid=\"false\" placeholder=\"Message\"><\/textarea><\/span><\/div>\n<div class=\"form-group text-center col-lg-12 col-md-12 col-sm-12\"><input type=\"submit\" value=\"Envoyer votre message\" class=\"wpcf7-form-control wpcf7-submit theme-btn btn-style-one\" \/><\/div>\n<\/div>\n<div class=\"wpcf7-response-output\" aria-hidden=\"true\"><\/div><\/form><\/div>            <\/div>\n        <\/div>\n    <\/div>\n<\/section>\n<!-- End Contact Form Section -->\n<\/div><\/div><\/div><\/div><\/section><section class=\"kc-elm kc-css-259559 kc_row\"><div class=\"kc-row-container  kc-container\"><div class=\"kc-wrap-columns\"><div class=\"kc-elm kc-css-240296 kc_col-sm-12 kc_column kc_col-sm-12\"><div class=\"kc-col-container\"><!-- Contact Info Section -->\r\n<section class=\"contact-info-section\">\r\n    <div class=\"auto-container\">\r\n        <div class=\"row clearfix\">\r\n                        <div class=\"column col-lg-6 col-md-12 col-sm-12\">\r\n                <!-- Sec Title -->\r\n                <div class=\"sec-title style-three\">\r\n                    <div class=\"inner-title\">\r\n                        <h2>Newyork Office<\/h2>\r\n                        <div class=\"text\">Convenire gubergren vix. Habeo facete pri putent malu intellegam vixt vim prompta facia.<\/div>\r\n                    <\/div>\r\n                <\/div>\r\n                <ul class=\"list-style-two\">\r\n                    <li><span class=\"icon icon-pin\"><\/span> <i>Address: <\/i>63 Nelson Base, Florida 26025 USA<\/li>\r\n                                        <li><span class=\"icon icon-call-in\"><\/span> <i>Phone: <\/i><a href=\"tel:2345018607\">(234) 501 8607<\/a>  -  <a href=\"tel:2346207129\">(234) 620 7129<\/a><\/li>\r\n                    <li><span class=\"icon icon-envelope\"><\/span> <i>Email: <\/i><a href=\"mailto:http:\/\/inquiry@intenax.net\">inquiry@intenax.net<\/a><\/li>\r\n                <\/ul>\r\n            <\/div>\r\n                        <div class=\"column col-lg-6 col-md-12 col-sm-12\">\r\n                <!-- Sec Title -->\r\n                <div class=\"sec-title style-three\">\r\n                    <div class=\"inner-title\">\r\n                        <h2>London Office<\/h2>\r\n                        <div class=\"text\">Convenire gubergren vix. Habeo facete pri putent malu intellegam vixt vim prompta facia.<\/div>\r\n                    <\/div>\r\n                <\/div>\r\n                <ul class=\"list-style-two\">\r\n                    <li><span class=\"icon icon-pin\"><\/span> <i>Address: <\/i>63 Nelson Base, Florida 26025 USA<\/li>\r\n                                        <li><span class=\"icon icon-call-in\"><\/span> <i>Phone: <\/i><a href=\"tel:2345018607\">(234) 501 8607<\/a>  -  <a href=\"tel:2346207129\">(234) 620 7129<\/a><\/li>\r\n                    <li><span class=\"icon icon-envelope\"><\/span> <i>Email: <\/i><a href=\"mailto:http:\/\/inquiry@intenax.net\">inquiry@intenax.net<\/a><\/li>\r\n                <\/ul>\r\n            <\/div>\r\n                    <\/div>\r\n        \r\n        <!-- Social Box -->\r\n        <div class=\"social-box\">\r\n                        <a href=\"https:\/\/twitter.com\/\" title=\"Twitter\"><span class=\"fa fab-twitter\"><\/span><\/a>\r\n                        <a href=\"https:\/\/pinterest.com\/\" title=\"Pinterest\"><span class=\"fa fab-pinterest-p\"><\/span><\/a>\r\n                        <a href=\"https:\/\/facebook.com\/\" title=\"Facebook\"><span class=\"fa fab-facebook-f\"><\/span><\/a>\r\n                        <a href=\"https:\/\/instagram.com\/\" title=\"Instagram\"><span class=\"fa fab-instagram\"><\/span><\/a>\r\n                        <a href=\"https:\/\/linkedin.com\/\" title=\"Linkedin\"><span class=\"fa fab-linkedin-in\"><\/span><\/a>\r\n                    <\/div>\r\n    <\/div>\r\n<\/section>\r\n<!-- End Contact Info Section -->\r\n<\/div><\/div><\/div><\/div><\/section><section class=\"kc-elm kc-css-3704 kc_row\"><div class=\"kc-row-container\"><div class=\"kc-wrap-columns\"><div class=\"kc-elm kc-css-815618 kc_col-sm-12 kc_column kc_col-sm-12\"><div class=\"kc-col-container\"><!-- Newsletter Section -->\r\n<section class=\"newsletter-section \">\r\n    <div class=\"pattern-layer\" style=\"background-image:url(http:\/\/commonsupport.net\/newwp\/intenax\/wp-content\/uploads\/2019\/04\/pattern-7.png)\"><\/div>\r\n    <div class=\"auto-container\">\r\n        <div class=\"row clearfix\">\r\n            <!-- Title Column -->\r\n            <div class=\"title-column col-lg-5 col-md-12 col-sm-12\">\r\n                <div class=\"inner-column\">\r\n                    <h2>INTENAX<\/h2>\r\n                    <div class=\"text\">Beyond more stoic this along goodness hey this news far flustered impressive manifest after all.<\/div>\r\n                <\/div>\r\n            <\/div>\r\n            <!-- Form Column -->\r\n            <div class=\"form-column col-lg-7 col-md-12 col-sm-12\">\r\n                <div class=\"inner-column\">\r\n                    <h3>Subscribe to Our Weekly Newsleter<\/h3>\r\n                    <!-- Subscribe Form -->\r\n                    <div class=\"subscribe-form\">\r\n                        <form action=\"http:\/\/feedburner.google.com\/fb\/a\/mailverify\">\r\n                            <div class=\"form-group\">\r\n                            \t<input type=\"hidden\" id=\"uri2\" name=\"uri\" value=\"#\">\r\n                                <input type=\"email\" name=\"email\" placeholder=\"email\">\r\n                                <button type=\"submit\" class=\"theme-btn btn-style-one\">subscribe<\/button>\r\n                            <\/div>\r\n                        <\/form>\r\n                    <\/div>\r\n                <\/div>\r\n            <\/div>\r\n        <\/div>\r\n    <\/div>\r\n<\/section>\r\n<!-- End Newsletter Section -->\r\n<\/div><\/div><\/div><\/div><\/section><section class=\"kc-elm kc-css-582866 kc_row\"><div class=\"kc-row-container\"><div class=\"kc-wrap-columns\"><div class=\"kc-elm kc-css-698208 kc_col-sm-12 kc_column kc_col-sm-12\"><div class=\"kc-col-container\"><!--Map Section-->\n<section class=\"map-section\">\n    <!--Map Outer-->\n    <div class=\"map-outer\">\n        <div class=\"google-map\"\n            id=\"contact-google-map\" \n            data-map-lat=\"44.231172\" \n            data-map-lng=\"-76.485954\" \n            data-icon-path=\"http:\/\/commonsupport.net\/newwp\/intenax\/wp-content\/themes\/intenax\/images\/icons\/map-marker.png\" \n            data-map-title=\"Alabama, USA\" \n            data-map-zoom=\"12\" \n            data-markers='{\n            \t                \"marker-1\": [44.231172, -76.485954, \"<h4><\/h4><p>4\/99 Alabama, USA<\/p>\"],                                \"marker-2\": [40.880550, -78.393705, \"<h4><\/h4><p>4\/99 Pennsylvania, USA<\/p>\"]                            }'>\n        <\/div>\n    <\/div>\n<\/section>\n<!--End Map Section-->\n<\/div><\/div><\/div><\/div><\/section><section class=\"kc-elm kc-css-177410 kc_row\"><div class=\"kc-row-container\"><div class=\"kc-wrap-columns\"><div class=\"kc-elm kc-css-58074 kc_col-sm-12 kc_column kc_col-sm-12\"><div class=\"kc-col-container\"><div class=\"kc-elm kc-css-994283 kc_google_maps kc_shortcode\"><div style=\"height: 500px\" class=\"kc-google-maps\"><iframe style=\"border: 0;\" src=\"https:\/\/www.google.com\/maps\/embed?pb=!1m18!1m12!1m3!1d2888.8076048737166!2d6.9762044157719565!3d43.61054737912274!2m3!1f0!2f0!3f0!3m2!1i1024!2i768!4f13.1!3m3!1m2!1s0x12cc29a43e8e0379%3A0x8ae54b3a253e853a!2sCannoise%20Modern%20'Electric!5e0!3m2!1sfr!2sfr!4v1621851169422!5m2!1sfr!2sfr\" width=\"100%\" height=\"500\" allowfullscreen=\"allowfullscreen\"><\/iframe><\/div><\/div><\/div><\/div><\/div><\/div><\/section><\/p>\n","protected":false},"excerpt":{"rendered":"","protected":false},"author":1,"featured_media":0,"parent":0,"menu_order":0,"comment_status":"closed","ping_status":"closed","template":"tpl-king_composer.php","meta":[],"_links":{"self":[{"href":"https:\/\/dream-lighting.fr\/index.php\/wp-json\/wp\/v2\/pages\/887"}],"collection":[{"href":"https:\/\/dream-lighting.fr\/index.php\/wp-json\/wp\/v2\/pages"}],"about":[{"href":"https:\/\/dream-lighting.fr\/index.php\/wp-json\/wp\/v2\/types\/page"}],"author":[{"embeddable":true,"href":"https:\/\/dream-lighting.fr\/index.php\/wp-json\/wp\/v2\/users\/1"}],"replies":[{"embeddable":true,"href":"https:\/\/dream-lighting.fr\/index.php\/wp-json\/wp\/v2\/comments?post=887"}],"version-history":[{"count":3,"href":"https:\/\/dream-lighting.fr\/index.php\/wp-json\/wp\/v2\/pages\/887\/revisions"}],"predecessor-version":[{"id":1171,"href":"https:\/\/dream-lighting.fr\/index.php\/wp-json\/wp\/v2\/pages\/887\/revisions\/1171"}],"wp:attachment":[{"href":"https:\/\/dream-lighting.fr\/index.php\/wp-json\/wp\/v2\/media?parent=887"}],"curies":[{"name":"wp","href":"https:\/\/api.w.org\/{rel}","templated":true}]}}